{"id":5883,"date":"2023-12-15T13:19:24","date_gmt":"2023-12-15T12:19:24","guid":{"rendered":"https:\/\/avante-okna.pl\/informacje-o-projektach-dofinansowanych\/"},"modified":"2024-12-09T13:52:34","modified_gmt":"2024-12-09T12:52:34","slug":"informacje-o-projektach-dofinansowanych","status":"publish","type":"page","link":"https:\/\/avante.pl\/de\/informacje-o-projektach-dofinansowanych\/","title":{"rendered":"Informationen \u00fcber gef\u00f6rderte Projekte"},"content":{"rendered":"\t\t<div data-elementor-type=\"wp-page\" data-elementor-id=\"5883\" class=\"elementor elementor-5883 elementor-5723\" data-elementor-post-type=\"page\">\n\t\t\t\t<div class=\"elementor-element elementor-element-ff41a15 e-flex e-con-boxed e-con e-parent\" data-id=\"ff41a15\" data-element_type=\"container\" data-e-type=\"container\" data-settings=\"{&quot;jet_parallax_layout_list&quot;:[]}\">\n\t\t\t\t\t<div class=\"e-con-inner\">\n\t\t\t\t<div class=\"elementor-element elementor-element-c725a17 elementor-widget elementor-widget-text-editor\" data-id=\"c725a17\" data-element_type=\"widget\" data-e-type=\"widget\" data-widget_type=\"text-editor.default\">\n\t\t\t\t<div class=\"elementor-widget-container\">\n\t\t\t\t\t\t\t\t\t<p class=\"has-medium-font-size\"><strong>AVANTE S.A. f\u00fchrt ein von den Europ\u00e4ischen Fonds kofinanziertes Projekt mit dem Titel durch.<\/strong><\/p>\n<p class=\"has-medium-font-size\"><strong>\u201eDas wirtschaftliche Erbe der Region bei AVANTE S.A. wiederbeleben\u201c.<\/strong><\/p>\n<p>Das Bautischlerhandwerk ist ein Handwerk mit jahrhundertealter Tradition. Die Urspr\u00fcnge dieses Berufes reichen weit in die Geschichte der menschlichen Zivilisation zur\u00fcck. Es ist schwer festzustellen, wann der Name \u201eZimmermann\u201c selbst auftauchte, aber es ist bekannt, dass die erste Zimmermannsgilde (Zimmermannsvereinigung) 1489 in Krakau gegr\u00fcndet wurde. In der Bautischlerei bestand die Hauptt\u00e4tigkeit in der Herstellung kleinerer Gegenst\u00e4nde aus Holz, wie T\u00fcren, Treppen und Fenster. In der Zwischenkriegszeit und auch sp\u00e4ter basierte das Tischlerhandwerk auf kleinen, familiengef\u00fchrten Tischlereien, in denen das \u201eHandwerk\u201c vom Vater an den Sohn weitergegeben wurde und das Grundmaterial f\u00fcr die Produktion damals Holz war. Dies \u00e4nderte sich mit der dynamischen wirtschaftlichen Entwicklung und der Durchf\u00fchrung gro\u00dfer staatlicher Investitionen, vor allem dem Bau von Gro\u00dfwohnsiedlungen. Zu dieser Zeit gab es Ver\u00e4nderungen in der Tischlereiindustrie und die Notwendigkeit, sie an die Bed\u00fcrfnisse der Zeit anzupassen, insbesondere die Produktionskapazit\u00e4t zu erh\u00f6hen. Die n\u00e4chste Etappe in der Entwicklung der Fenstertechnik war die Erfindung von Kunststoffen, die dazu f\u00fchrte, dass PVC-Fenster bei der Herstellung und beim Einbau vor\u00fcbergehend die Vorherrschaft \u00fcber Holzfenster erlangten. Es hat sich gezeigt, dass es einfach billiger ist, Kunststofffenster herzustellen.<\/p>\n<p>Der polnische Markt f\u00fcr Fenster- und T\u00fcrentischlerarbeiten hat in den letzten Jahren von einer hohen Nachfrage seitens der Bautr\u00e4ger profitiert, aber ab 2021 wird es eine neue Nachfrage geben. Es gibt Anzeichen f\u00fcr eine Verlangsamung auf dem Wohnungsmarkt. Die Fensterhersteller werden von diesem R\u00fcckgang jedoch nicht betroffen sein, da sich f\u00fcr sie eine Reihe von Chancen ergeben, wie z. B. Energiestandards f\u00fcr Tischlerarbeiten, ein wachsendes Umweltbewusstsein der Verbraucher und die von den Haushalten in der EU und in Polen erkl\u00e4rte sehr hohe Renovierungsbereitschaft. Parallel zu den gesetzgeberischen Ma\u00dfnahmen im Energiebereich von Geb\u00e4uden w\u00e4chst auch das Bewusstsein der Verbraucher. Ein wichtiger Trend auf dem Fenster- und T\u00fcrenmarkt ist die Suche nach Produkten, die als umweltfreundlich wahrgenommen werden. Die Erschwinglichkeit und der niedrige W\u00e4rmedurchgangskoeffizient, die von den Verbrauchern gew\u00fcnscht werden, beg\u00fcnstigen insbesondere die Hersteller von PVC-Fenster- und T\u00fcrverbindungen.<\/p>\n<p>Ziel des Projekts ist es, AVANTE\u00a0 S.A. einen Wettbewerbsvorteil zu verschaffen, indem das Unternehmen seine Produktpalette um neue Produkte erweitert \u2013 PVC-Fenster auf der Basis von Kontur-Profilen, die Aluminiumfenster imitieren, Monoblok-Fenster mit einer Rahmenh\u00f6he von 160 mm und Fenster mit Doppelfalzrahmen auf individuelle Kundenbestellung. Die Investition wird auch dazu beitragen, das wirtschaftliche Erbe der Region Warminsko-Mazurskie im Bereich des f\u00fcr die Woiwodschaft Warminsko-Mazurskie charakteristischen Tischler- und Schreinerhandwerks in einer erneuerten, innovativen Form wiederherzustellen. Die Maschinen, deren Anschaffung im Rahmen des Projekts geplant ist, werden es erm\u00f6glichen, ein neues Produktionsverfahren f\u00fcr PVC-Fenster auf der Basis von Kontur-Profilen, die Aluminiumfenster imitieren, Monoblok-Fenster mit einer Rahmenh\u00f6he von 160 mm und Fenster mit Doppelfalzrahmen auf individuelle Kundenbestellung einzuf\u00fchren und entsprechend zu optimieren. Dies wird dazu beitragen, die Effizienz und Qualit\u00e4t des gesamten Produktionsprozesses zu gew\u00e4hrleisten. Im Rahmen dieses Projekts wird AVANTE S.A. eine spezielle Technologie zur Herstellung von Fenstern anwenden, bei der zwei Rahmen miteinander kombiniert werden: Aluminium und PVC. Die Verwendung von Aluminium auf der Au\u00dfenseite, die widrigen Wetter- und Umweltbedingungen ausgesetzt ist, garantiert die Langlebigkeit des Produkts, w\u00e4hrend die Verwendung eines PVC-Rahmens auf der Innenseite ein einzigartiges Klima der \u201eW\u00e4rme\u201c schafft und dem Produkt Eleganz und Klasse verleiht. Als technologische Investition wird das Projekt die Umsetzung innovativer Prozess- und Produktl\u00f6sungen als Ergebnis der Entwicklungsaktivit\u00e4ten des Unternehmens erm\u00f6glichen.<\/p>\n<p><strong>Gesamtwert des Projekts: 1.094.700,00 PLN<\/strong><\/p>\n<p><strong>Zuschussf\u00e4hige Ausgaben: 890.000,00 PLN<\/strong><\/p>\n<p><strong>EU-Finanzierung f\u00fcr das Projekt: 720.811,00 PLN<\/strong><\/p>\n<figure class=\"wp-block-image size-large\"><img fetchpriority=\"high\" decoding=\"async\" class=\"wp-image-5724\" src=\"https:\/\/avante-okna.pl\/wp-content\/uploads\/2023\/12\/fundusze_projekt-1024x112.jpg\" sizes=\"(max-width: 1024px) 100vw, 1024px\" srcset=\"https:\/\/avante.pl\/wp-content\/uploads\/2023\/12\/fundusze_projekt-1024x112.jpg 1024w, https:\/\/avante.pl\/wp-content\/uploads\/2023\/12\/fundusze_projekt-300x33.jpg 300w, https:\/\/avante.pl\/wp-content\/uploads\/2023\/12\/fundusze_projekt-768x84.jpg 768w, https:\/\/avante.pl\/wp-content\/uploads\/2023\/12\/fundusze_projekt-1536x168.jpg 1536w, https:\/\/avante.pl\/wp-content\/uploads\/2023\/12\/fundusze_projekt-2048x224.jpg 2048w\" alt=\"\" width=\"1024\" height=\"112\" \/><\/figure>\t\t\t\t\t\t\t\t<\/div>\n\t\t\t\t<\/div>\n\t\t\t\t\t<\/div>\n\t\t\t\t<\/div>\n\t\t\t\t<\/div>\n\t\t","protected":false},"excerpt":{"rendered":"<p>AVANTE S.A. f\u00fchrt ein von den Europ\u00e4ischen Fonds kofinanziertes Projekt mit dem Titel durch. \u201eDas wirtschaftliche Erbe der Region bei AVANTE S.A. wiederbeleben\u201c. Das Bautischlerhandwerk ist ein Handwerk mit jahrhundertealter Tradition. Die Urspr\u00fcnge dieses Berufes reichen weit in die Geschichte der menschlichen Zivilisation zur\u00fcck. Es ist schwer festzustellen, wann der Name \u201eZimmermann\u201c selbst auftauchte, aber [&hellip;]<\/p>\n","protected":false},"author":5,"featured_media":0,"parent":0,"menu_order":0,"comment_status":"closed","ping_status":"closed","template":"","meta":{"footnotes":""},"class_list":["post-5883","page","type-page","status-publish","hentry"],"_links":{"self":[{"href":"https:\/\/avante.pl\/de\/wp-json\/wp\/v2\/pages\/5883","targetHints":{"allow":["GET"]}}],"collection":[{"href":"https:\/\/avante.pl\/de\/wp-json\/wp\/v2\/pages"}],"about":[{"href":"https:\/\/avante.pl\/de\/wp-json\/wp\/v2\/types\/page"}],"author":[{"embeddable":true,"href":"https:\/\/avante.pl\/de\/wp-json\/wp\/v2\/users\/5"}],"replies":[{"embeddable":true,"href":"https:\/\/avante.pl\/de\/wp-json\/wp\/v2\/comments?post=5883"}],"version-history":[{"count":0,"href":"https:\/\/avante.pl\/de\/wp-json\/wp\/v2\/pages\/5883\/revisions"}],"wp:attachment":[{"href":"https:\/\/avante.pl\/de\/wp-json\/wp\/v2\/media?parent=5883"}],"curies":[{"name":"wp","href":"https:\/\/api.w.org\/{rel}","templated":true}]}}