{"id":5889,"date":"2023-12-15T12:51:47","date_gmt":"2023-12-15T11:51:47","guid":{"rendered":"https:\/\/avante-okna.pl\/polityka-prywatnosci\/"},"modified":"2024-12-09T14:04:27","modified_gmt":"2024-12-09T13:04:27","slug":"polityka-prywatnosci","status":"publish","type":"page","link":"https:\/\/avante.pl\/de\/polityka-prywatnosci\/","title":{"rendered":"Datenschutzbestimmungen"},"content":{"rendered":"\t\t<div data-elementor-type=\"wp-page\" data-elementor-id=\"5889\" class=\"elementor elementor-5889 elementor-5714\" data-elementor-post-type=\"page\">\n\t\t\t\t<div class=\"elementor-element elementor-element-7b0c8fda e-flex e-con-boxed e-con e-parent\" data-id=\"7b0c8fda\" data-element_type=\"container\" data-e-type=\"container\" data-settings=\"{&quot;jet_parallax_layout_list&quot;:[]}\">\n\t\t\t\t\t<div class=\"e-con-inner\">\n\t\t\t\t<div class=\"elementor-element elementor-element-5c36feac elementor-widget elementor-widget-text-editor\" data-id=\"5c36feac\" data-element_type=\"widget\" data-e-type=\"widget\" data-widget_type=\"text-editor.default\">\n\t\t\t\t<div class=\"elementor-widget-container\">\n\t\t\t\t\t\t\t\t\t\n<p><strong>ALLGEMEINE BESTIMMUNGEN<\/strong><\/p>\n\n<p>Im Interesse der Wahrung der Datenschutzrechte der Nutzer der Website <a href=\"http:\/\/www.avante.pl\">www.avante.pl<\/a> (im Folgenden als &#8222;Website&#8220; bezeichnet) und zur Erf\u00fcllung der gesetzlichen Anforderungen ver\u00f6ffentlicht AVANTE S.A. mit Sitz in Elbl\u0105g ein Dokument, in dem sie erkl\u00e4rt und dar\u00fcber informiert, wie die von den Nutzern der Website (im Folgenden als &#8222;Nutzer&#8220; bezeichnet) zur Verf\u00fcgung gestellten Daten gesammelt, verarbeitet und gesichert werden. Vor der Nutzung der Website sollte der Nutzer diese Datenschutzrichtlinie lesen.<\/p>\n\n<p><strong>DATENERFASSUNG UND -VERARBEITUNG DURCH AVANTE S.A.<\/strong><\/p>\n\n<p>Der Verwalter der personenbezogenen Daten (&#8222;Verwalter&#8220;), die der Nutzer bei der Nutzung von <a href=\"http:\/\/www.avante.pl\">www.avante.pl<\/a> angibt, ist AVANTE S.A., die personenbezogene Daten in \u00dcbereinstimmung mit den geltenden Gesetzen, einschlie\u00dflich der Verordnung (EU) 2016\/679 des Europ\u00e4ischen Parlaments und des Rates vom 27. April 2016, verarbeitet. (&#8222;RODO&#8220;) und das Gesetz vom 18. Juli 2002 \u00fcber die Erbringung von elektronischen Dienstleistungen.<\/p>\n\n<p>AVANTE S.A. bietet seinen Nutzern die M\u00f6glichkeit, die Website anonym zu nutzen. Um jedoch vollen Zugang zu den Inhalten und Leistungen zu erhalten, die \u00fcber Dienste wie Newsletter oder den Partnerbereich angeboten werden, ist es ratsam, sich durch Ausf\u00fcllen eines Anmeldeformulars zu registrieren.<\/p>\n\n<p>Die Angabe von Daten durch den Nutzer ist freiwillig, wobei die Nichtangabe bestimmter Daten die Registrierung und Nutzung bestimmter Dienste verhindern kann.<\/p>\n\n<p>Im Zuge der Registrierung informiert AVANTE S.A. den Nutzer dar\u00fcber, welche der im Registrierungsformular aufgef\u00fchrten Daten notwendig sind, um die Inhalte zur Verf\u00fcgung zu stellen oder die Dienstleistungen zu erbringen, und gibt an, bei welchen Daten es sich um zus\u00e4tzliche Daten handelt, die keinen Einfluss auf die Einstellung des Registrierungsprozesses haben.<\/p>\n\n<p><strong>ZWECKE UND RECHTSGRUNDLAGEN DER DATENVERARBEITUNG<\/strong><\/p>\n\n<p>Die Nutzerdaten werden insbesondere zu folgenden Zwecken verarbeitet:<\/p>\n\n<ul>\n<li>Informationen \u00fcber den Inhalt und die Dienstleistungen von AVANTE S.A. zu liefern,<\/li>\n\n<li>Bereitstellung von Werbefl\u00e4chen auf der Website,<\/li>\n\n<li>l\u00e4uft marketing,<\/li>\n\n<li>die Zusendung eines kostenlosen Newsletters mit Informationen \u00fcber AVANTE S.A., vorausgesetzt, der Nutzer hat sich zuvor damit einverstanden erkl\u00e4rt, Werbebriefe von AVANTE S.A. zu erhalten,<\/li>\n\n<li>die Einhaltung von Gesetzen zu gew\u00e4hrleisten, wenn das Gesetz die Verarbeitung personenbezogener Daten vorschreibt,<\/li>\n\n<li>Die Sicherheit der Informationsverarbeitung bei AVANTE S.A. zu gew\u00e4hrleisten,<\/li>\n\n<li>Verwaltung von IKT-Systemen,<\/li>\n<\/ul>\n\n<p><strong>DATA SHARING<\/strong><\/p>\n\n<p>AVANTE S.A. gibt die personenbezogenen Daten der Nutzer nicht an Dritte weiter, es sei denn, es liegt eine gesetzliche Grundlage vor, oder die Daten werden von befugten Stellen angefordert oder sind f\u00fcr die Erbringung von Dienstleistungen erforderlich.<\/p>\n\n<p>Nutzerdaten k\u00f6nnen auf Anfrage von Beh\u00f6rden oder anderen gesetzlich berechtigten Stellen zur Verf\u00fcgung gestellt werden, insbesondere wenn dies zur Gew\u00e4hrleistung der Sicherheit unseres Systems oder der Rechte anderer Nutzer erforderlich ist.<\/p>\n\n<p><strong>BENUTZERRECHTE<\/strong><\/p>\n\n<p>Der Benutzer hat die folgenden Rechte:<\/p>\n\n<ol start=\"1\">\n<li>Recht auf Zugang zu personenbezogenen Daten. Auf Anfrage des Nutzers best\u00e4tigt AVANTE S.A., welche pers\u00f6nlichen Daten des Nutzers sie verarbeitet und stellt dem Nutzer eine Kopie dieser Daten zur Verf\u00fcgung.<\/li>\n\n<li>Recht auf Berichtigung der personenbezogenen Daten. Sollten die pers\u00f6nlichen Daten des Nutzers unrichtig oder unvollst\u00e4ndig sein, kann der Nutzer von AVANTE S.A. verlangen, dass sie berichtigt oder vervollst\u00e4ndigt werden. Der registrierte Nutzer hat jederzeit die M\u00f6glichkeit, seine pers\u00f6nlichen Daten \u00fcber sein Nutzerkonto in den Diensten zu korrigieren.<\/li>\n\n<li>Das Recht auf L\u00f6schung der personenbezogenen Daten. In bestimmten Situationen kann der Nutzer AVANTE S.A. auffordern, die von AVANTE S.A. verarbeiteten personenbezogenen Daten zu l\u00f6schen. (z. B. wenn die Daten f\u00fcr die Erbringung von Dienstleistungen durch AVANTE S.A. nicht mehr erforderlich sind).<\/li>\n\n<li>Das Recht, die Verarbeitung personenbezogener Daten einzuschr\u00e4nken. Sie k\u00f6nnen AVANTE S.A. auffordern, die Verarbeitung Ihrer Daten in bestimmten Situationen vor\u00fcbergehend einzustellen (z.B. keine Marketinginformationen an Ihre E-Mail-Adresse zu senden). Sie k\u00f6nnen zum Beispiel die Einschr\u00e4nkung der Verarbeitung Ihrer personenbezogenen Daten verlangen, wenn Sie der Verarbeitung widersprechen oder die Richtigkeit der Daten in Frage stellen. Trotz der Einschr\u00e4nkung der Verarbeitung ist AVANTE S.A. weiterhin berechtigt, Ihre personenbezogenen Daten zu speichern.<\/li>\n\n<li>Das Recht, die \u00dcbermittlung personenbezogener Daten zu verlangen. In bestimmten Situationen (z. B. bei Daten, die auf der Grundlage einer Einwilligung verarbeitet werden) haben Sie auch das Recht, die von AVANTE S.A. verarbeiteten personenbezogenen Daten in einem strukturierten, g\u00e4ngigen und maschinenlesbaren Format zu erhalten, um die Daten an einen anderen Verantwortlichen zu \u00fcbermitteln.<\/li>\n\n<li>Recht auf Widerspruch gegen die Verarbeitung Ihrer personenbezogenen Daten: Sie k\u00f6nnen verlangen, dass AVANTE S.A. die Verarbeitung Ihrer personenbezogenen Daten einstellt, wenn:<\/li>\n<\/ol>\n\n<ul>\n<li>AVANTE S.A. verarbeitet die personenbezogenen Daten des Nutzers auf der Grundlage seiner eigenen berechtigten Interessen oder der eines Dritten, es sei denn, diese Interessen \u00fcberwiegen die Interessen, Rechte und Freiheiten des Nutzers, dann werden die Daten des Nutzers zu Zwecken der Direktwerbung verarbeitet,<\/li>\n\n<li>Die Verarbeitung umfasst die automatisierte Entscheidungsfindung in Bezug auf den Nutzer, einschlie\u00dflich Profiling.<\/li>\n\n<li>Der Nutzer kann seine Rechte aus\u00fcben, indem er einen entsprechenden Antrag per E-Mail an die folgende Adresse sendet: <a href=\"mailto:biuro@avante.pl\">biuro@avante.pl<\/a><\/li>\n<\/ul>\n\n<p><strong>AUFBEWAHRUNGSFRIST<\/strong><\/p>\n\n<p>AVANTE S.A. bewahrt die personenbezogenen Daten der Nutzer nur so lange auf, wie es f\u00fcr die Erf\u00fcllung der Zwecke, f\u00fcr die die Daten erhoben wurden, erforderlich ist. Personenbezogene Daten k\u00f6nnen l\u00e4nger aufbewahrt werden, wenn sich eine solche Verpflichtung aus dem Gesetz ergibt oder wenn es f\u00fcr AVANTE S.A. notwendig ist, um Anspr\u00fcche gegen Nutzer zu verteidigen oder geltend zu machen.<\/p>\n\n<p><strong>EINE POLITIK ZU &#8222;COOKIES&#8220; UND ANDEREN MECHANISMEN ZUR AUTOMATISCHEN SPEICHERUNG VON DATEN AUF DEM ENDGER\u00c4T DES NUTZERS ODER ZUR \u00dcBERMITTLUNG DURCH DEN NUTZER<\/strong><\/p>\n\n<p>Auf der Website werden automatische Datenspeicherungsmechanismen verwendet. Sie werden eingesetzt, um den Bed\u00fcrfnissen der Nutzer besser gerecht zu werden.<\/p>\n\n<p>F\u00fcr die Zwecke dieser Richtlinie werden die automatischen Speichermechanismen als &#8222;Cookies&#8220; bezeichnet. Cookies sind Dateien, die auf dem Endger\u00e4t des Nutzers gespeichert werden, um den Browser des Nutzers bei der Nutzung der Dienste zu identifizieren. Sie liefern dem Administrator statistische Informationen \u00fcber den Benutzerverkehr, die Benutzeraktivit\u00e4t und die Nutzung der Website. Sie erm\u00f6glichen es, die Inhalte und Dienste auf die Pr\u00e4ferenzen des Nutzers zuzuschneiden. Die meisten Cookies sind so genannte &#8222;Cookies&#8220;. Sitzungscookies, die automatisch von der Festplatte gel\u00f6scht werden, wenn die Sitzung endet (d. h. wenn Sie sich abmelden oder das Browserfenster schlie\u00dfen). Einige der &#8222;Cookies&#8220; erm\u00f6glichen die Wiedererkennung des Endger\u00e4ts des Nutzers beim erneuten Besuch der Website &#8211; sie werden nicht automatisch gel\u00f6scht, sondern auf dem Endger\u00e4t gespeichert. Bei mobilen Ger\u00e4ten wird f\u00fcr den Empfang von Cookies ein \u00e4hnlicher Mechanismus wie bei station\u00e4ren Ger\u00e4ten verwendet, der die Speicherung von Informationen \u00fcber den Nutzer erm\u00f6glicht. Gespeicherte Cookies k\u00f6nnen auch vom Nutzer gel\u00f6scht werden, indem er die entsprechenden Funktionen des Internetbrowsers, die entsprechenden Programme oder die im Betriebssystem des Nutzers verf\u00fcgbaren Tools verwendet.<\/p>\n\n<p>Aufgrund der Vielzahl von Browsern und Anwendungen, die f\u00fcr den Betrieb der Websites zur Verf\u00fcgung stehen, ist die Verwaltung von Cookies in den verschiedenen Browsern unterschiedlich. Wir empfehlen Ihnen daher, sich mit der Verwaltung der Datenschutz-\/Sicherheitsfunktionen im Men\u00fc des von Ihnen verwendeten Browsers vertraut zu machen und sie so zu konfigurieren, wie Sie es bevorzugen, bevor Sie die Websites nutzen. Wenn Sie keine \u00c4nderungen an den Einstellungen Ihres Browsers f\u00fcr die Verwaltung von Cookies vornehmen, werden automatisch Cookies auf Ihrem Endger\u00e4t gespeichert.<\/p>\n\n<p>Wenn der Nutzer keine \u00c4nderungen an den Einstellungen seines Browsers vornimmt, die zur Deaktivierung der Annahme von Cookies und seiner Nutzung der Website f\u00fchren, erkl\u00e4rt er sich mit der Verwendung von Cookies gem\u00e4\u00df den in dieser Richtlinie beschriebenen Grunds\u00e4tzen einverstanden.<\/p>\n\n<p>Aus Sicherheitsgr\u00fcnden wird empfohlen, die neuesten verf\u00fcgbaren Versionen von Webbrowsern zu verwenden.<\/p>\n\n<p><strong>LINKS ZU ANDEREN WEBSITES<\/strong><\/p>\n\n<p>Dieses Dokument bezieht sich nur auf die Websites, deren Verwalter AVANTE S.A. ist, und ist nicht verantwortlich f\u00fcr die in den Diensten platzierten Links, die es dem Nutzer erm\u00f6glichen, direkt auf Websites zu gelangen, deren Verwalter nicht AVANTE S.A. ist.<\/p>\n\n<p><strong>TECHNISCHE UND ORGANISATORISCHE MASSNAHMEN ZUM SCHUTZ DER DATEN<\/strong><\/p>\n\n<p>Die von unseren Nutzern zur Verf\u00fcgung gestellten Informationen werden unter Anwendung geeigneter Sicherheitsma\u00dfnahmen und in \u00dcbereinstimmung mit den Anforderungen des polnischen Rechts verarbeitet und gespeichert. AVANTE S.A. sch\u00fctzt die Daten der Nutzer vor unbefugtem Zugriff, Gebrauch oder Offenlegung. Die Daten werden in einer kontrollierten Umgebung mit hohen Schutzstandards verarbeitet.<\/p>\n\n<p><strong>KONTAKT UND BESCHWERDERECHT<\/strong><\/p>\n\n<p>Fragen, W\u00fcnsche und Kommentare zur Datenschutzpolitik und zur Verarbeitung der Benutzerdaten durch AVANTE S.A. sind per E-Mail an folgende Adresse zu richten: <a href=\"mailto:biuro@avante.pl\">biuro@avante.pl<\/a><\/p>\n\n<p>Der Nutzer hat das Recht, eine Beschwerde beim Pr\u00e4sidenten der Datenschutzbeh\u00f6rde einzureichen.<\/p>\n\n<p><strong>VERWALTUNG DER EINWILLIGUNG:<\/strong> Wenn Sie Ihre Zustimmung verwalten m\u00f6chten, einschlie\u00dflich des Widerrufs, k\u00f6nnen Sie dies per E-Mail tun:<a href=\"mailto:biuro@avante.pl\">biuro@avante.pl<\/a><\/p>\n\t\t\t\t\t\t\t\t<\/div>\n\t\t\t\t<\/div>\n\t\t\t\t\t<\/div>\n\t\t\t\t<\/div>\n\t\t\t\t<\/div>\n\t\t","protected":false},"excerpt":{"rendered":"<p>ALLGEMEINE BESTIMMUNGEN Im Interesse der Wahrung der Datenschutzrechte der Nutzer der Website www.avante.pl (im Folgenden als &#8222;Website&#8220; bezeichnet) und zur Erf\u00fcllung der gesetzlichen Anforderungen ver\u00f6ffentlicht AVANTE S.A. mit Sitz in Elbl\u0105g ein Dokument, in dem sie erkl\u00e4rt und dar\u00fcber informiert, wie die von den Nutzern der Website (im Folgenden als &#8222;Nutzer&#8220; bezeichnet) zur Verf\u00fcgung gestellten [&hellip;]<\/p>\n","protected":false},"author":5,"featured_media":0,"parent":0,"menu_order":0,"comment_status":"closed","ping_status":"closed","template":"","meta":{"footnotes":""},"class_list":["post-5889","page","type-page","status-publish","hentry"],"_links":{"self":[{"href":"https:\/\/avante.pl\/de\/wp-json\/wp\/v2\/pages\/5889","targetHints":{"allow":["GET"]}}],"collection":[{"href":"https:\/\/avante.pl\/de\/wp-json\/wp\/v2\/pages"}],"about":[{"href":"https:\/\/avante.pl\/de\/wp-json\/wp\/v2\/types\/page"}],"author":[{"embeddable":true,"href":"https:\/\/avante.pl\/de\/wp-json\/wp\/v2\/users\/5"}],"replies":[{"embeddable":true,"href":"https:\/\/avante.pl\/de\/wp-json\/wp\/v2\/comments?post=5889"}],"version-history":[{"count":0,"href":"https:\/\/avante.pl\/de\/wp-json\/wp\/v2\/pages\/5889\/revisions"}],"wp:attachment":[{"href":"https:\/\/avante.pl\/de\/wp-json\/wp\/v2\/media?parent=5889"}],"curies":[{"name":"wp","href":"https:\/\/api.w.org\/{rel}","templated":true}]}}