{"id":6587,"date":"2023-05-05T12:05:37","date_gmt":"2023-05-05T10:05:37","guid":{"rendered":"https:\/\/avante-okna.pl\/pour-les-partenaires\/"},"modified":"2024-04-09T15:19:46","modified_gmt":"2024-04-09T13:19:46","slug":"pour-les-partenaires","status":"publish","type":"page","link":"https:\/\/avante.pl\/fr\/pour-les-partenaires\/","title":{"rendered":"pour les partenaires"},"content":{"rendered":"\t\t<div data-elementor-type=\"wp-page\" data-elementor-id=\"6587\" class=\"elementor elementor-6587 elementor-24\" data-elementor-post-type=\"page\">\n\t\t\t\t\t\t<section class=\"elementor-section elementor-top-section elementor-element elementor-element-77bbf0bf elementor-section-full_width elementor-reverse-mobile elementor-section-height-default elementor-section-height-default\" data-id=\"77bbf0bf\" data-element_type=\"section\" data-e-type=\"section\" data-settings=\"{&quot;background_background&quot;:&quot;classic&quot;,&quot;jet_parallax_layout_list&quot;:[]}\">\n\t\t\t\t\t\t<div class=\"elementor-container elementor-column-gap-default\">\n\t\t\t\t\t<div class=\"elementor-column elementor-col-100 elementor-top-column elementor-element elementor-element-353c0183\" data-id=\"353c0183\" data-element_type=\"column\" data-e-type=\"column\">\n\t\t\t<div class=\"elementor-widget-wrap elementor-element-populated\">\n\t\t\t\t\t\t<div class=\"elementor-element elementor-element-1eb4700a elementor-widget elementor-widget-heading\" data-id=\"1eb4700a\" data-element_type=\"widget\" data-e-type=\"widget\" data-widget_type=\"heading.default\">\n\t\t\t\t<div class=\"elementor-widget-container\">\n\t\t\t\t\t<h2 class=\"elementor-heading-title elementor-size-default\">pour les partenaires<\/h2>\t\t\t\t<\/div>\n\t\t\t\t<\/div>\n\t\t\t\t<div class=\"elementor-element elementor-element-21e2be1f elementor-widget elementor-widget-text-editor\" data-id=\"21e2be1f\" data-element_type=\"widget\" data-e-type=\"widget\" data-widget_type=\"text-editor.default\">\n\t\t\t\t<div class=\"elementor-widget-container\">\n\t\t\t\t\t\t\t\t\t<p>Vous \u00eates notre partenaire ? Connectez-vous pour acc\u00e9der aux nouveaut\u00e9s. Dans espace partenaire vous trouverez les informations techniques et les offres promotionnelles actuellement en vigueur. Tout en un seul endroit.<\/p>\n\t\t\t\t\t\t\t\t<\/div>\n\t\t\t\t<\/div>\n\t\t\t\t\t<\/div>\n\t\t<\/div>\n\t\t\t\t\t<\/div>\n\t\t<\/section>\n\t\t\t\t<section class=\"elementor-section elementor-top-section elementor-element elementor-element-191eca35 elementor-section-full_width elementor-section-height-default elementor-section-height-default\" data-id=\"191eca35\" data-element_type=\"section\" data-e-type=\"section\" data-settings=\"{&quot;background_background&quot;:&quot;classic&quot;,&quot;jet_parallax_layout_list&quot;:[]}\">\n\t\t\t\t\t\t<div class=\"elementor-container elementor-column-gap-default\">\n\t\t\t\t\t<div class=\"elementor-column elementor-col-50 elementor-top-column elementor-element elementor-element-40c01e0d\" data-id=\"40c01e0d\" data-element_type=\"column\" data-e-type=\"column\">\n\t\t\t<div class=\"elementor-widget-wrap elementor-element-populated\">\n\t\t\t\t\t\t<div class=\"elementor-element elementor-element-33d69e02 elementor-widget elementor-widget-heading\" data-id=\"33d69e02\" data-element_type=\"widget\" data-e-type=\"widget\" data-widget_type=\"heading.default\">\n\t\t\t\t<div class=\"elementor-widget-container\">\n\t\t\t\t\t<h2 class=\"elementor-heading-title elementor-size-default\">se connecter<\/h2>\t\t\t\t<\/div>\n\t\t\t\t<\/div>\n\t\t\t\t<div class=\"elementor-element elementor-element-3b631f7 elementor-widget elementor-widget-global elementor-global-7114 elementor-global-2055 elementor-widget-login\" data-id=\"3b631f7\" data-element_type=\"widget\" data-e-type=\"widget\" data-widget_type=\"login.default\">\n\t\t\t\t<div class=\"elementor-widget-container\">\n\t\t\t\t\t\t\t<form class=\"elementor-login elementor-form\" method=\"post\" action=\"https:\/\/avante.pl\/fr\/wp-login.php\" aria-label=\"Login form\">\n\t\t\t<input type=\"hidden\" name=\"redirect_to\" value=\"https:\/\/avante.pl\/fr\/pour-les-partenaires\/actualites\/\">\n\t\t\t<div class=\"elementor-form-fields-wrapper\">\n\t\t\t\t<div class=\"elementor-field-type-text elementor-field-group elementor-column elementor-col-100 elementor-field-required\">\n\t\t\t\t\t<label for=\"user-3b631f7\" class=\"elementor-field-label elementor-screen-only\">Identifiant<\/label>\n\t\t\t\t\t<input size=\"1\" type=\"text\" name=\"log\" id=\"user-3b631f7\" placeholder=\"Identifiant\" class=\"elementor-field elementor-field-textual elementor-size-sm\">\n\t\t\t\t<\/div>\n\t\t\t\t<div class=\"elementor-field-type-text elementor-field-group elementor-column elementor-col-100 elementor-field-required\">\n\t\t\t\t\t<label for=\"password-3b631f7\" class=\"elementor-field-label elementor-screen-only\">Mot de passe<\/label>\n\t\t\t\t\t<input size=\"1\" type=\"password\" name=\"pwd\" id=\"password-3b631f7\" placeholder=\"Mot de passe\" class=\"elementor-field elementor-field-textual elementor-size-sm\">\n\t\t\t\t<\/div>\n\n\t\t\t\t\t\t\t\t\t<div class=\"elementor-field-type-checkbox elementor-field-group elementor-column elementor-col-100 elementor-remember-me\">\n\t\t\t\t\t\t<label for=\"elementor-login-remember-me\">\n\t\t\t\t\t\t\t<input type=\"checkbox\" id=\"elementor-login-remember-me\" name=\"rememberme\" value=\"forever\">\n\t\t\t\t\t\t\tSe souvenir de moi\t\t\t\t\t\t<\/label>\n\t\t\t\t\t<\/div>\n\t\t\t\t\n\t\t\t\t<div class=\"elementor-field-group elementor-column elementor-field-type-submit elementor-col-100\">\n\t\t\t\t\t<button type=\"submit\" class=\"elementor-size-sm elementor-button\" name=\"wp-submit\">\n\t\t\t\t\t\t\t\t\t\t\t\t\t\t\t<span class=\"elementor-button-text\">Connectez-vous<\/span>\n\t\t\t\t\t\t\t\t\t\t\t\t<\/button>\n\t\t\t\t<\/div>\n\n\t\t\t\t\t\t\t\t\t<div class=\"elementor-field-group elementor-column elementor-col-100\">\n\t\t\t\t\t\t\t\t\t\t\t\t\t\t\t\t\t\t\t\t<a class=\"elementor-lost-password\" href=\"https:\/\/avante.pl\/fr\/wp-login.php?action=lostpassword&redirect_to=https%3A%2F%2Favante.pl%2Ffr%2Fpour-les-partenaires%2Factualites%2F\">\n\t\t\t\t\t\t\t\tMot de passe perdu\u00a0?\t\t\t\t\t\t\t<\/a>\n\t\t\t\t\t\t\n\t\t\t\t\t\t\t\t\t\t\t<\/div>\n\t\t\t\t\t\t\t<\/div>\n\t\t<\/form>\n\t\t\t\t\t\t<\/div>\n\t\t\t\t<\/div>\n\t\t\t\t<div class=\"elementor-element elementor-element-af21e08 elementor-widget elementor-widget-text-editor\" data-id=\"af21e08\" data-element_type=\"widget\" data-e-type=\"widget\" data-widget_type=\"text-editor.default\">\n\t\t\t\t<div class=\"elementor-widget-container\">\n\t\t\t\t\t\t\t\t\t<p>Nous n&rsquo;avons pas eu l&rsquo;occasion de travailler ensemble ? Si vous \u00eates int\u00e9ress\u00e9s par un partenariat fiable, parlons-en !<\/p>\n\t\t\t\t\t\t\t\t<\/div>\n\t\t\t\t<\/div>\n\t\t\t\t<div class=\"elementor-element elementor-element-0eb7069 elementor-align-left elementor-mobile-align-left elementor-widget-widescreen__width-initial elementor-widget elementor-widget-button\" data-id=\"0eb7069\" data-element_type=\"widget\" data-e-type=\"widget\" data-widget_type=\"button.default\">\n\t\t\t\t<div class=\"elementor-widget-container\">\n\t\t\t\t\t\t\t\t\t<div class=\"elementor-button-wrapper\">\n\t\t\t\t\t<a class=\"elementor-button elementor-button-link elementor-size-sm\" href=\"https:\/\/avante.pl\/fr\/contact\/\">\n\t\t\t\t\t\t<span class=\"elementor-button-content-wrapper\">\n\t\t\t\t\t\t<span class=\"elementor-button-icon\">\n\t\t\t\t<i aria-hidden=\"true\" class=\"fas fa-long-arrow-alt-right\"><\/i>\t\t\t<\/span>\n\t\t\t\t\t\t\t\t\t<span class=\"elementor-button-text\">Contactez-nous<\/span>\n\t\t\t\t\t<\/span>\n\t\t\t\t\t<\/a>\n\t\t\t\t<\/div>\n\t\t\t\t\t\t\t\t<\/div>\n\t\t\t\t<\/div>\n\t\t\t\t<div class=\"elementor-element elementor-element-435ba78 elementor-widget__width-auto elementor-widget-widescreen__width-initial elementor-view-default elementor-widget elementor-widget-icon\" data-id=\"435ba78\" data-element_type=\"widget\" data-e-type=\"widget\" data-widget_type=\"icon.default\">\n\t\t\t\t<div class=\"elementor-widget-container\">\n\t\t\t\t\t\t\t<div class=\"elementor-icon-wrapper\">\n\t\t\t<a class=\"elementor-icon\" href=\"http:\/\/amigo.technikaokienna.pl\/teamviewerqs.exe\">\n\t\t\t<svg xmlns=\"http:\/\/www.w3.org\/2000\/svg\" xmlns:xlink=\"http:\/\/www.w3.org\/1999\/xlink\" id=\"katman_1\" x=\"0px\" y=\"0px\" viewBox=\"0 0 543.4 377.6\" style=\"enable-background:new 0 0 543.4 377.6;\" xml:space=\"preserve\"><style type=\"text\/css\">\t.st0{fill:#004680;}<\/style><g id=\"Ebene_2\">\t<g id=\"open_subline\">\t\t<polygon class=\"st0\" points=\"87.5,174.4 83.7,183.7 111.6,183.7 107.8,174.4 136.1,188.8 107.8,203.2 111.6,194 83.7,194    87.4,203.2 59,188.8   \"><\/polygon>\t\t<path class=\"st0\" d=\"M142.8,137.6H52.4c-3.3,0-6,2.7-6,6V234c0,3.3,2.7,6,6,6h90.4c3.3,0,6-2.7,6-6v-90.4   C148.7,140.3,146.1,137.6,142.8,137.6z M97.6,231c-23.3,0-42.2-18.9-42.2-42.2s18.9-42.2,42.2-42.2c23.3,0,42.2,18.9,42.2,42.2   S120.9,231,97.6,231C97.6,231,97.6,231,97.6,231z\"><\/path>\t\t<polygon class=\"st0\" points=\"183,209.4 192.1,209.4 192.1,174.1 204.7,174.1 204.7,167.1 170.4,167.1 170.4,174.1 183,174.1   \"><\/polygon>\t\t<path class=\"st0\" d=\"M192.7,210h-10.3v-35.3h-12.6v-8.2h35.5v8.2h-12.6V210z M183.6,208.8h7.9v-35.3h12.6v-5.8H171v5.8h12.6V208.8   z\"><\/path>\t\t<path class=\"st0\" d=\"M214.4,178.9c-3,0-5.9,0.8-8.3,2.5c-5,3.5-6.2,9.2-6.2,14c0,4.7,1.1,8.7,3.8,11.5c3.1,3.2,7.9,3.7,10.4,3.7   c4.3,0,8.2-1.2,10.4-3.5c1.7-1.7,2.7-4,2.8-6.4h-7.9c-0.8,3.3-3,4.1-5.2,4.1c-6,0-6-6-6-7.9h19.9c0.1-2.5,0.2-6.8-1.8-10.8   C223.7,180.5,218.6,178.9,214.4,178.9z M208.6,191.4c0.2-3.5,1.8-6.6,5.6-6.6c5,0,5.2,5.3,5.2,6.6H208.6z\"><\/path>\t\t<path class=\"st0\" d=\"M214.2,211.2c-2.7,0-7.6-0.5-10.9-3.9c-2.6-2.8-4-6.8-4-12c0-6.7,2.2-11.5,6.4-14.5c2.6-1.7,5.6-2.6,8.7-2.6   c3.3,0,9.3,1,12.5,7.5c2.1,4.3,1.9,9.1,1.8,11.1l0,0.6h-19.8c0.1,3,0.9,6.7,5.4,6.7c2.5,0,4-1.2,4.6-3.6l0.1-0.5h9l-0.1,0.6   c-0.1,2.6-1.2,5-3,6.8C222.8,209.8,218.9,211.2,214.2,211.2z M214.4,179.5c-2.8,0-5.6,0.8-8,2.4c-3.9,2.7-5.9,7.3-5.9,13.5   c0,4.9,1.2,8.6,3.6,11.1c2.9,3.1,7.5,3.5,10,3.5c4.3,0,8-1.2,9.9-3.3c1.5-1.5,2.4-3.4,2.6-5.4h-6.8c-0.6,2.6-3,4.3-5.6,4.1   c-4.4,0-6.6-2.9-6.6-8.5v-0.6h19.9c0.3-3.4-0.3-6.8-1.7-10C223.7,181.9,219.2,179.3,214.4,179.5L214.4,179.5z M219.9,192h-12   l0-0.6c0.2-4.5,2.5-7.2,6.2-7.2c3.7,0,5.8,2.6,5.8,7.2L219.9,192z M209.2,190.8h9.5c-0.1-2.6-1-5.4-4.5-5.4   C210.4,185.4,209.4,188.8,209.2,190.8z\"><\/path>\t\t<path class=\"st0\" d=\"M259.5,190c0-1.3-0.1-4.9-2.1-7.3c-2.9-3.4-8.1-3.8-10.5-3.8c-2.8,0-6.3,0.5-9,2.4c-2.2,1.6-3.4,4.2-3.3,7   h8.5c-0.1-0.9,0.2-1.8,0.6-2.6c0.8-1.1,2-1.7,3.3-1.6c1.7-0.1,3.2,0.9,3.9,2.5c0.4,1.3,0.5,2.6,0.4,3.9c-2.9,0-8.1,0-11.7,1.6   c-5.4,2.5-6.3,6.9-6.3,9.2c0,2.4,0.9,4.8,2.6,6.5c1.2,1.1,3.1,2.3,7.4,2.3c1.6,0,5.6,0,8.8-4.7c0,1.4,0.1,2.7,0.3,4h7.9   c-0.5-2.5-0.7-5-0.7-7.5L259.5,190z M249.6,202.8c-0.9,1.1-2.3,1.7-3.7,1.7c-2.3,0.1-4.1-1.7-4.2-3.9c0-0.1,0-0.2,0-0.3   c0-3.5,4-5.3,9.6-4.8C251.3,198.7,251.2,200.9,249.6,202.8L249.6,202.8z\"><\/path>\t\t<path class=\"st0\" d=\"M243.3,210.7c-4.6,0-6.7-1.4-7.8-2.5c-1.8-1.9-2.8-4.3-2.8-6.9c0-2.5,0.9-7.1,6.6-9.7   c3.5-1.6,8.4-1.7,11.4-1.7c0.1-1.1-0.1-2.1-0.4-3.1c-0.6-1.3-1.9-2.1-3.3-2.1c-1.1,0-2.1,0.5-2.8,1.4c-0.4,0.7-0.6,1.5-0.5,2.3   v0.6H234l0-0.6c-0.1-2.9,1.2-5.7,3.6-7.4c2.3-1.7,5.5-2.5,9.3-2.5c2.8,0,8,0.5,11,4c2.2,2.6,2.2,6.4,2.2,7.7l0.1,11.9   c0,2.5,0.2,4.9,0.7,7.4l0.2,0.7h-9.1l-0.1-0.5c-0.1-0.8-0.2-1.6-0.3-2.4C249.5,209.5,246.4,210.9,243.3,210.7z M251.3,191.1   c-2.8,0-8,0-11.5,1.6c-5.1,2.4-5.9,6.4-5.9,8.7c0,2.3,0.8,4.4,2.4,6.1c1.1,1,2.8,2.2,7,2.2c1.6,0,5.3,0,8.4-4.5l1.1-1.6v1.9   c0,1.2,0.1,2.3,0.2,3.4h6.6c-0.4-2.3-0.6-4.6-0.6-6.9l-0.1-11.9c0-3-0.6-5.4-1.9-6.9c-2.7-3.1-7.5-3.6-10.1-3.6   c-3.6,0-6.5,0.8-8.6,2.3c-1.9,1.4-3,3.5-3.1,5.9h7.3c0-0.8,0.3-1.7,0.7-2.4c1.6-2.1,4.6-2.5,6.7-1c0.7,0.5,1.2,1.1,1.5,1.9   c0.4,1.3,0.5,2.7,0.4,4.1v0.6L251.3,191.1z M245.9,205.1c-2.6,0.1-4.7-1.9-4.8-4.5c0-0.1,0-0.2,0-0.3c0-1.3,0.5-2.5,1.5-3.4   c1.7-1.6,4.8-2.3,8.7-2l0.5,0v0.6c0,3.2-0.1,5.7-1.8,7.7l0,0C249,204.4,247.5,205.1,245.9,205.1L245.9,205.1z M249.6,196   c-2.7,0-4.9,0.6-6.1,1.7c-0.7,0.6-1.1,1.6-1.1,2.5c-0.1,1.9,1.4,3.5,3.3,3.6c0.1,0,0.2,0,0.3,0c1.2,0,2.4-0.5,3.2-1.5   c1.3-1.6,1.5-3.6,1.5-6.4C250.3,196,249.9,196,249.6,196L249.6,196z\"><\/path>\t\t<path class=\"st0\" d=\"M303.3,179.3c-3,0-7,0.8-9.5,5.5c-0.6-1.4-2.5-5.6-9.3-5.6c-5.9,0-8.2,3.2-9.1,4.5l-0.3-3.8h-8.4   c0.2,1.9,0.3,3.7,0.3,5.6v24h8.7V192c0-2,0-6.7,5.4-6.7c4.8,0,4.9,4.2,4.9,6.5v17.6h8.7v-14.8c0-4.4,0.1-9.3,5.3-9.3   c4.5,0,5,3.5,5,6.7v17.4h8.7v-16.7c0-2.6,0.1-6.2-1.5-8.7C311.6,182.8,309.2,179.3,303.3,179.3z\"><\/path>\t\t<path class=\"st0\" d=\"M314.3,210h-9.9v-18c0-3.6-0.7-6.1-4.4-6.1c-4.4,0-4.7,3.8-4.7,8.7V210h-9.9v-18.2c0-2.9-0.3-5.9-4.3-5.9   c-4.3,0-4.8,2.9-4.8,6.1v18h-9.9v-24.6c0-1.6-0.1-3.4-0.3-5.5l-0.1-0.7h9.6l0.2,2.8c1.4-1.5,3.9-3.5,8.7-3.5   c3.1,0,7.2,0.9,9.4,4.9c2.1-3.2,5.2-4.8,9.4-4.8c6.1,0,8.7,3.5,9.5,5.1c1.6,2.5,1.5,6,1.5,8.5L314.3,210z M305.6,208.8h7.5l0-16.6   c0-2.5,0-5.6-1.4-7.9c-0.7-1.4-3-4.5-8.5-4.5c-2.7,0-6.5,0.5-9,5.2l-0.6,1.1l-0.5-1.2c-1.4-3.4-4.4-5.2-8.8-5.2   c-5.6,0-7.7,2.9-8.6,4.2l-1,1.3l-0.4-4.9h-7.2c0.2,1.9,0.2,3.5,0.2,5v23.4h7.5V192c0-2,0-7.3,6-7.3c5.5,0,5.5,5,5.5,7.1v17h7.5   v-14.2c0-4.2,0-9.9,5.9-9.9c5.6,0,5.6,5.1,5.6,7.3V208.8z\"><\/path>\t\t<polygon class=\"st0\" points=\"336,205.6 335.9,205.6 322.3,167.1 318.1,167.1 333.6,209.4 337.9,209.4 353.2,167.1 349.4,167.1      \"><\/polygon>\t\t<path class=\"st0\" d=\"M338.4,210h-5.2l-0.1-0.4l-15.8-43.1h5.4l0.1,0.4L336,204l13.1-37.5h5.1L338.4,210z M334,208.8h3.5l14.9-41.1   h-2.5l-13.4,38.5h-1l-0.1-0.4l-13.5-38.1H319L334,208.8z\"><\/path>\t\t<rect x=\"358\" y=\"167.1\" class=\"st0\" width=\"4.1\" height=\"4.4\"><\/rect>\t\t<path class=\"st0\" d=\"M362.7,172.1h-5.3v-5.6h5.3V172.1z M358.6,170.9h2.9v-3.2h-2.9V170.9z\"><\/path>\t\t<rect x=\"358.3\" y=\"180\" class=\"st0\" width=\"3.5\" height=\"29.4\"><\/rect>\t\t<path class=\"st0\" d=\"M362.5,210h-4.7v-30.6h4.7V210z M358.9,208.8h2.3v-28.2h-2.3V208.8z\"><\/path>\t\t<path class=\"st0\" d=\"M382.2,179.1c-8.7,0-13.1,7.6-13.1,15.6c0,8,4.1,15.6,12.9,15.6c7.1,0,11.5-3.2,13.3-10.3h-3.7   c-0.8,4.1-4.4,7-8.5,7c-7.2,0-10.1-5.3-10.2-11.5h22.7C395.7,186.4,392.1,179.1,382.2,179.1z M373,192.3c0.5-5.2,3.5-10,9.3-10   c6.1,0,9.1,4.3,9.6,10H373z\"><\/path>\t\t<path class=\"st0\" d=\"M382,210.9c-9.3,0-13.5-8.1-13.5-16.2c0-7.8,4.3-16.2,13.7-16.2c9,0,14,6,14,17v0.6h-22.7   c0.2,3.5,1.6,10.3,9.6,10.3c3.9,0,7.2-2.8,7.9-6.6l0.1-0.5h4.9l-0.2,0.8C394,207.4,389.5,210.9,382,210.9z M382.2,179.7   c-8.6,0-12.5,7.8-12.5,15c0,11.1,6.6,15,12.3,15c6.7,0,10.7-2.9,12.5-9.1h-2.4c-1,4.1-4.7,7-9,7c-6.7,0-10.7-4.4-10.8-12.1l0-0.6   h22.7C394.9,187.9,392.5,179.7,382.2,179.7z M392.5,192.9h-20.1l0.1-0.7c0.4-4.8,3.3-10.5,9.9-10.5c5.9,0,9.7,3.9,10.1,10.5   L392.5,192.9z M373.7,191.7h17.5c-0.6-5.6-3.8-8.8-8.9-8.8C376.8,183,374.3,187.5,373.7,191.7z\"><\/path>\t\t<polygon class=\"st0\" points=\"433.2,204.6 433.1,204.6 424.4,180 420.3,180 411.4,204.8 411.3,204.8 402.5,180 398.6,180    409.4,209.4 413,209.4 422.2,184.1 422.3,184.1 431.3,209.4 434.6,209.4 445.6,180 441.7,180   \"><\/polygon>\t\t<path class=\"st0\" d=\"M435.1,210h-4.2l-8.7-24.4l-8.8,24.4H409l-11.2-30.6h5.2l8.4,23.8l8.5-23.8h5l8.3,23.5l8.1-23.5h5.2   L435.1,210z M431.7,208.8h2.5l10.5-28.2h-2.6l-8.5,24.6h-1l-8.7-24.6h-3.3l-8.9,24.8h-1l-8.8-24.8h-2.6l10.3,28.2h2.7l9.2-25.4h1   L431.7,208.8z\"><\/path>\t\t<path class=\"st0\" d=\"M461.4,179.1c-8.7,0-13.1,7.6-13.1,15.6c0,8,4.1,15.6,12.9,15.6c7.1,0,11.5-3.2,13.3-10.3h-3.7   c-0.8,4.1-4.4,7-8.5,7c-7.2,0-10.1-5.3-10.2-11.5h22.7C474.8,186.4,471.3,179.1,461.4,179.1z M452.2,192.3c0.5-5.2,3.5-10,9.3-10   c6.1,0,9.1,4.3,9.6,10H452.2z\"><\/path>\t\t<path class=\"st0\" d=\"M461.2,210.9c-9.3,0-13.5-8.1-13.5-16.2c0-7.8,4.3-16.2,13.7-16.2c9,0,14,6,14,17v0.6h-22.7   c0.2,3.5,1.6,10.3,9.6,10.3c3.9,0,7.2-2.8,7.9-6.6l0.1-0.5h4.9l-0.2,0.8C473.2,207.4,468.7,210.9,461.2,210.9z M461.4,179.7   c-8.6,0-12.5,7.8-12.5,15c0,11.1,6.6,15,12.3,15c6.7,0,10.7-2.9,12.5-9.1h-2.4c-1,4.1-4.7,7-9,7c-6.7,0-10.7-4.4-10.8-12.1l0-0.6   h22.7C474.1,187.9,471.7,179.7,461.4,179.7L461.4,179.7z M471.7,192.9h-20.1l0.1-0.7c0.4-4.8,3.3-10.5,9.9-10.5   c5.9,0,9.7,3.9,10.1,10.5L471.7,192.9z M452.9,191.7h17.5c-0.6-5.6-3.8-8.8-8.9-8.8C456,183,453.5,187.5,452.9,191.7z\"><\/path>\t\t<path class=\"st0\" d=\"M492.9,179.1c-3.1,0.2-5.7,2.3-6.6,5.2h-0.1L486,180h-3.6c0.1,2,0.4,4.3,0.3,6.6v22.8h3.5v-17.7   c0.1-5.6,2.9-9.4,8.1-9.4c0.7,0,1.5,0.2,2.2,0.2v-3.4C495.2,179.1,494.1,179.1,492.9,179.1z\"><\/path>\t\t<path class=\"st0\" d=\"M486.7,210H482v-23.4c0-1.7-0.1-3.5-0.2-5.1c0-0.5-0.1-1-0.1-1.5l0-0.6h4.8l0.1,2.8c1.4-2.1,3.7-3.5,6.2-3.7   c1.2-0.1,2.4,0,3.6,0.1l0.6,0v4.6l-0.6-0.1c-0.3,0-0.6-0.1-0.9-0.1c-0.4-0.1-0.8-0.1-1.2-0.1c-4.6,0-7.4,3.2-7.5,8.8V210z    M483.2,208.8h2.3v-17.1c0.1-6.3,3.4-10,8.7-10c0.5,0,0.9,0.1,1.4,0.1c0.1,0,0.1,0,0.2,0v-2.2c-1,0-1.9-0.1-2.9,0l0,0   c-2.8,0.2-5.2,2.1-6.1,4.8l-0.1,0.4h-1.1l-0.2-4.3H483c0,0.3,0,0.6,0.1,0.9c0.1,1.6,0.2,3.4,0.2,5.2L483.2,208.8z\"><\/path>\t<\/g><\/g><\/svg>\t\t\t<\/a>\n\t\t<\/div>\n\t\t\t\t\t\t<\/div>\n\t\t\t\t<\/div>\n\t\t\t\t\t<\/div>\n\t\t<\/div>\n\t\t\t\t<div class=\"elementor-column elementor-col-50 elementor-top-column elementor-element elementor-element-434b2c70 elementor-hidden-tablet elementor-hidden-mobile_extra elementor-hidden-mobile\" data-id=\"434b2c70\" data-element_type=\"column\" data-e-type=\"column\" data-settings=\"{&quot;background_background&quot;:&quot;classic&quot;}\">\n\t\t\t<div class=\"elementor-widget-wrap elementor-element-populated\">\n\t\t\t\t\t\t<div class=\"elementor-element elementor-element-74311b39 elementor-widget elementor-widget-spacer\" data-id=\"74311b39\" data-element_type=\"widget\" data-e-type=\"widget\" data-widget_type=\"spacer.default\">\n\t\t\t\t<div class=\"elementor-widget-container\">\n\t\t\t\t\t\t\t<div class=\"elementor-spacer\">\n\t\t\t<div class=\"elementor-spacer-inner\"><\/div>\n\t\t<\/div>\n\t\t\t\t\t\t<\/div>\n\t\t\t\t<\/div>\n\t\t\t\t\t<\/div>\n\t\t<\/div>\n\t\t\t\t\t<\/div>\n\t\t<\/section>\n\t\t\t\t<\/div>\n\t\t","protected":false},"excerpt":{"rendered":"<p>pour les partenaires Vous \u00eates notre partenaire ? Connectez-vous pour acc\u00e9der aux nouveaut\u00e9s. Dans espace partenaire vous trouverez les informations techniques et les offres promotionnelles actuellement en vigueur. Tout en un seul endroit. se connecter identifiant ou mot de passe erron\u00e9 Essayez encore une fois. espace partenaire Nous n&rsquo;avons pas eu l&rsquo;occasion de travailler ensemble [&hellip;]<\/p>\n","protected":false},"author":4,"featured_media":0,"parent":0,"menu_order":0,"comment_status":"closed","ping_status":"closed","template":"","meta":{"footnotes":""},"class_list":["post-6587","page","type-page","status-publish","hentry"],"_links":{"self":[{"href":"https:\/\/avante.pl\/fr\/wp-json\/wp\/v2\/pages\/6587","targetHints":{"allow":["GET"]}}],"collection":[{"href":"https:\/\/avante.pl\/fr\/wp-json\/wp\/v2\/pages"}],"about":[{"href":"https:\/\/avante.pl\/fr\/wp-json\/wp\/v2\/types\/page"}],"author":[{"embeddable":true,"href":"https:\/\/avante.pl\/fr\/wp-json\/wp\/v2\/users\/4"}],"replies":[{"embeddable":true,"href":"https:\/\/avante.pl\/fr\/wp-json\/wp\/v2\/comments?post=6587"}],"version-history":[{"count":0,"href":"https:\/\/avante.pl\/fr\/wp-json\/wp\/v2\/pages\/6587\/revisions"}],"wp:attachment":[{"href":"https:\/\/avante.pl\/fr\/wp-json\/wp\/v2\/media?parent=6587"}],"curies":[{"name":"wp","href":"https:\/\/api.w.org\/{rel}","templated":true}]}}