{"id":6589,"date":"2023-06-22T18:51:03","date_gmt":"2023-06-22T16:51:03","guid":{"rendered":"https:\/\/avante-okna.pl\/pour-les-partenaires\/actualites\/"},"modified":"2024-08-20T14:13:24","modified_gmt":"2024-08-20T12:13:24","slug":"actualites","status":"publish","type":"page","link":"https:\/\/avante.pl\/fr\/pour-les-partenaires\/actualites\/","title":{"rendered":"actualit\u00e9s"},"content":{"rendered":"\t\t<div data-elementor-type=\"wp-page\" data-elementor-id=\"6589\" class=\"elementor elementor-6589 elementor-2005\" data-elementor-post-type=\"page\">\n\t\t\t\t\t\t<section class=\"elementor-section elementor-top-section elementor-element elementor-element-11d7001 elementor-section-boxed elementor-section-height-default elementor-section-height-default\" data-id=\"11d7001\" data-element_type=\"section\" data-e-type=\"section\" data-settings=\"{&quot;jet_parallax_layout_list&quot;:[]}\">\n\t\t\t\t\t\t<div class=\"elementor-container elementor-column-gap-default\">\n\t\t\t\t\t<div class=\"elementor-column elementor-col-100 elementor-top-column elementor-element elementor-element-d053ff5\" data-id=\"d053ff5\" data-element_type=\"column\" data-e-type=\"column\">\n\t\t\t<div class=\"elementor-widget-wrap elementor-element-populated\">\n\t\t\t\t\t\t<div class=\"elementor-element elementor-element-29eaf56 elementor-widget elementor-widget-spacer\" data-id=\"29eaf56\" data-element_type=\"widget\" data-e-type=\"widget\" data-widget_type=\"spacer.default\">\n\t\t\t\t<div class=\"elementor-widget-container\">\n\t\t\t\t\t\t\t<div class=\"elementor-spacer\">\n\t\t\t<div class=\"elementor-spacer-inner\"><\/div>\n\t\t<\/div>\n\t\t\t\t\t\t<\/div>\n\t\t\t\t<\/div>\n\t\t\t\t\t<\/div>\n\t\t<\/div>\n\t\t\t\t\t<\/div>\n\t\t<\/section>\n\t\t\t\t<\/div>\n\t\t","protected":false},"excerpt":{"rendered":"<p>pour les partenaires Newsletter 92 &#8211; Drainage lin\u00e9aire aux seuils Z\u00e9ro FR Newsletter 88 &#8211; Integro &#8211; Changement de raccord du poteau Newsletter 84 &#8211; Les \u00e9ch\u00e9ances de Roto la liste des contacts Avante commandes et devis : Justyna Wrona Paulina Wilczy\u0144ska Danuta Trzeciakiewicz +48 785 055 775 | zamowienia@avante.pl +48 887 772 333 | [&hellip;]<\/p>\n","protected":false},"author":4,"featured_media":0,"parent":6587,"menu_order":0,"comment_status":"closed","ping_status":"closed","template":"","meta":{"footnotes":""},"class_list":["post-6589","page","type-page","status-publish","hentry"],"_links":{"self":[{"href":"https:\/\/avante.pl\/fr\/wp-json\/wp\/v2\/pages\/6589","targetHints":{"allow":["GET"]}}],"collection":[{"href":"https:\/\/avante.pl\/fr\/wp-json\/wp\/v2\/pages"}],"about":[{"href":"https:\/\/avante.pl\/fr\/wp-json\/wp\/v2\/types\/page"}],"author":[{"embeddable":true,"href":"https:\/\/avante.pl\/fr\/wp-json\/wp\/v2\/users\/4"}],"replies":[{"embeddable":true,"href":"https:\/\/avante.pl\/fr\/wp-json\/wp\/v2\/comments?post=6589"}],"version-history":[{"count":0,"href":"https:\/\/avante.pl\/fr\/wp-json\/wp\/v2\/pages\/6589\/revisions"}],"up":[{"embeddable":true,"href":"https:\/\/avante.pl\/fr\/wp-json\/wp\/v2\/pages\/6587"}],"wp:attachment":[{"href":"https:\/\/avante.pl\/fr\/wp-json\/wp\/v2\/media?parent=6589"}],"curies":[{"name":"wp","href":"https:\/\/api.w.org\/{rel}","templated":true}]}}