{"id":6711,"date":"2023-12-15T13:19:24","date_gmt":"2023-12-15T12:19:24","guid":{"rendered":"https:\/\/avante-okna.pl\/informations-sur-les-projets-finances\/"},"modified":"2024-11-26T10:46:48","modified_gmt":"2024-11-26T09:46:48","slug":"informations-sur-les-projets-finances","status":"publish","type":"page","link":"https:\/\/avante.pl\/fr\/informations-sur-les-projets-finances\/","title":{"rendered":"Informations sur les projets financ\u00e9s"},"content":{"rendered":"\t\t<div data-elementor-type=\"wp-page\" data-elementor-id=\"6711\" class=\"elementor elementor-6711 elementor-5723\" data-elementor-post-type=\"page\">\n\t\t\t\t<div class=\"elementor-element elementor-element-160a0613 e-flex e-con-boxed e-con e-parent\" data-id=\"160a0613\" data-element_type=\"container\" data-e-type=\"container\" data-settings=\"{&quot;jet_parallax_layout_list&quot;:[]}\">\n\t\t\t\t\t<div class=\"e-con-inner\">\n\t\t\t\t<div class=\"elementor-element elementor-element-41155a61 elementor-widget elementor-widget-text-editor\" data-id=\"41155a61\" data-element_type=\"widget\" data-e-type=\"widget\" data-widget_type=\"text-editor.default\">\n\t\t\t\t<div class=\"elementor-widget-container\">\n\t\t\t\t\t\t\t\t\t\n<p>\u00a0<\/p>\n\n<p class=\"has-medium-font-size\"><strong>Avante S.A. r\u00e9alise le projet finans\u00e9 avec des Fonds Europ\u00e9ens :<\/strong><\/p>\n\n<p class=\"has-medium-font-size\"><strong>\u201e La reconstruction du patrimoine \u00e9conomique de la r\u00e9gion par Avante S.A.\u201d<\/strong><\/p>\n\n<p>La menuiserie est une branche de l&rsquo;artisanat avec la tradition pluris\u00e9culaire. Les origines de ce m\u00e9tier remontent loin dans le temps de la civilisation humaine. Il est difficile d&rsquo;\u00e9tablir quand exactement le nom du m\u00e9tier \u00ab\u00a0menuisier\u00a0\u00bb a apparu. Mais on sait que la premi\u00e8re association des menuisiers a \u00e9t\u00e9 cr\u00e9\u00e9 \u00e0 Cracovie en 1489. Le menuisier fabriquait g\u00e9n\u00e9ralement des \u00e9quipements de petit volume comme escalier, portes ou fen\u00eatres. Dans l&rsquo;entre-deux-guerres et apr\u00e8s, il y avait de petites entreprises familiales o\u00f9 le m\u00e9tier de menuisier se transmettait de p\u00e8re en fils. Le mat\u00e9riel de base \u00e9tait le bois. Tout a chang\u00e9 avec un d\u00e9veloppement dynamique de l&rsquo;\u00e9conomie et la r\u00e9alisation des gros projets nationaux, notamment la construction des b\u00e2timents pr\u00e9fabriqu\u00e9s. Cette \u00e9poque a marqu\u00e9 le secteur qui a du s&rsquo;adapter aux besoins croissants du march\u00e9. Une \u00e9tape importante \u00e9tait l&rsquo;apparition du PVC. Sur le march\u00e9, pendant un moment les fen\u00eatres fabriqu\u00e9es en ce mat\u00e9riau \u00e9taient plus nombreuses que celles en bois. Il s&rsquo;est av\u00e9r\u00e9 que la production du PVC est tout simplement moins ch\u00e8re.<\/p>\n\n<p>Le march\u00e9 polonais de la menuiserie profitait de la grande demande du PVC jusqu&rsquo;\u00e0 2021. l&rsquo;ann\u00e9e de ralentissement sur le march\u00e9 de l&rsquo;immobilier. Les fabricants ne ressentent pas forcement cette baisse car, les normes \u00e9nerg\u00e9tiques qui sortent, la conscience \u00e9cologique des clients et la popularit\u00e9 des travaux chez les particuliers font que le march\u00e9 PVC va bien. La conscience \u00e9cologique des consommateurs va de paire avec la l\u00e9gislation \u00e9nerg\u00e9tique des b\u00e2timents. Sur le march\u00e9 des portes et fen\u00eatres une tendance se dessine : la recherche des produits \u00e9cologiques. Le prix abordable et le coefficient thermique bas recherch\u00e9s par les clients favorisent les fabricants de la menuiserie PVC.<\/p>\n\n<p>Le but du projet est d&rsquo;augmenter l&rsquo;avantage concurrentiel de Avante S.A par d\u00e9veloppement de son offre : les fen\u00eatres PVC sur le profil\u00e9 Kontur qui imite l&rsquo;aluminium ; les fen\u00eatres de type Monoblok avec le cadre de hauteur de 160 mm et les fen\u00eatres avec un cadre \u00e0 double recouvrement. L&rsquo;investissement en question favorisera la reconstruction de la patrimoine \u00e9conomique de la vo\u00efvodi\u00e9 Varmie-Mazurie en mati\u00e8re de la menuiserie (m\u00e9tier de menuisier), embl\u00e9matique pour cette r\u00e9gion. L&rsquo;achat des machines pr\u00e9vu par le projet permettra de moderniser le processus de fabrication des fen\u00eatres PVC sur le profil\u00e9 Kontour (imitation alu), des fen\u00eatres Monoblok (cadre de hauteur de 160 mm) et des fen\u00eatres avec un cadre \u00e0 double recouvrement. Cela rendra le processus de production plus optimal. Avante S.A en r\u00e9alisant ce projet, introduira la technologie de fabrication sp\u00e9ciale, notamment l&rsquo;alliance de 2 cadres en PVC et en alu. L&#8217;emploi de l&rsquo;aluminium \u00e0 l&rsquo;ext\u00e9rieur de b\u00e2timent est parfait, car ce mat\u00e9riau est tr\u00e8s r\u00e9sistant aux conditions atmosph\u00e9riques. Le PVC \u00e0 l&rsquo;int\u00e9rieur garantit d&rsquo;excellents param\u00e8tres thermiques. Le projet, consid\u00e9r\u00e9 comme l&rsquo;investissement technologique permettra l&rsquo;application des solutions innovantes et ainsi favoriser le d\u00e9veloppement de l&rsquo;entreprise.<\/p>\n\n<p><strong>Valeur du projet : 1.094.700,00 PLN (249k eur)<\/strong><\/p>\n\n<p><strong>D\u00e9penses \u00e9ligibles : 890.000,00 PLN (202k eur)<\/strong><\/p>\n\n<p><strong>Les fonds europ\u00e9ens : 720.811,00 PLN (164k eur)<\/strong><\/p>\n\n<figure class=\"wp-block-image size-large\"><img fetchpriority=\"high\" decoding=\"async\" width=\"1024\" height=\"112\" class=\"wp-image-5724\" src=\"https:\/\/avante-okna.pl\/wp-content\/uploads\/2023\/12\/fundusze_projekt-1024x112.jpg\" alt=\"\" srcset=\"https:\/\/avante.pl\/wp-content\/uploads\/2023\/12\/fundusze_projekt-1024x112.jpg 1024w, https:\/\/avante.pl\/wp-content\/uploads\/2023\/12\/fundusze_projekt-300x33.jpg 300w, https:\/\/avante.pl\/wp-content\/uploads\/2023\/12\/fundusze_projekt-768x84.jpg 768w, https:\/\/avante.pl\/wp-content\/uploads\/2023\/12\/fundusze_projekt-1536x168.jpg 1536w, https:\/\/avante.pl\/wp-content\/uploads\/2023\/12\/fundusze_projekt-2048x224.jpg 2048w\" sizes=\"(max-width: 1024px) 100vw, 1024px\" \/><\/figure>\n\t\t\t\t\t\t\t\t<\/div>\n\t\t\t\t<\/div>\n\t\t\t\t\t<\/div>\n\t\t\t\t<\/div>\n\t\t\t\t<\/div>\n\t\t","protected":false},"excerpt":{"rendered":"<p>\u00a0 Avante S.A. r\u00e9alise le projet finans\u00e9 avec des Fonds Europ\u00e9ens : \u201e La reconstruction du patrimoine \u00e9conomique de la r\u00e9gion par Avante S.A.\u201d La menuiserie est une branche de l&rsquo;artisanat avec la tradition pluris\u00e9culaire. Les origines de ce m\u00e9tier remontent loin dans le temps de la civilisation humaine. Il est difficile d&rsquo;\u00e9tablir quand exactement [&hellip;]<\/p>\n","protected":false},"author":5,"featured_media":0,"parent":0,"menu_order":0,"comment_status":"closed","ping_status":"closed","template":"","meta":{"footnotes":""},"class_list":["post-6711","page","type-page","status-publish","hentry"],"_links":{"self":[{"href":"https:\/\/avante.pl\/fr\/wp-json\/wp\/v2\/pages\/6711","targetHints":{"allow":["GET"]}}],"collection":[{"href":"https:\/\/avante.pl\/fr\/wp-json\/wp\/v2\/pages"}],"about":[{"href":"https:\/\/avante.pl\/fr\/wp-json\/wp\/v2\/types\/page"}],"author":[{"embeddable":true,"href":"https:\/\/avante.pl\/fr\/wp-json\/wp\/v2\/users\/5"}],"replies":[{"embeddable":true,"href":"https:\/\/avante.pl\/fr\/wp-json\/wp\/v2\/comments?post=6711"}],"version-history":[{"count":0,"href":"https:\/\/avante.pl\/fr\/wp-json\/wp\/v2\/pages\/6711\/revisions"}],"wp:attachment":[{"href":"https:\/\/avante.pl\/fr\/wp-json\/wp\/v2\/media?parent=6711"}],"curies":[{"name":"wp","href":"https:\/\/api.w.org\/{rel}","templated":true}]}}